{"id":1369,"date":"2017-04-25T15:36:58","date_gmt":"2017-04-25T12:36:58","guid":{"rendered":"http:\/\/ornet.eu\/?page_id=1369"},"modified":"2023-02-21T12:32:46","modified_gmt":"2023-02-21T10:32:46","slug":"image-processing-and-management","status":"publish","type":"page","link":"https:\/\/www.ornet.eu\/sv\/ornet-pathology\/image-processing-and-management\/","title":{"rendered":"Image processing and management"},"content":{"rendered":"<div id=\"pl-1369\"  class=\"panel-layout\" ><div id=\"pg-1369-0\"  class=\"panel-grid panel-has-style\" ><div style=\"padding: 0px 0; \" data-overlay=\"true\" data-overlay-color=\"#000000\" class=\"panel-row-style panel-row-style-for-1369-0\" ><div id=\"pgc-1369-0-0\"  class=\"panel-grid-cell\" ><div id=\"panel-1369-0-0-0\" class=\"so-panel widget widget_text panel-first-child panel-last-child\" data-index=\"0\" ><div style=\"text-align: left;\" data-title-color=\"#443f3f\" data-headings-color=\"#443f3f\" class=\"panel-widget-style panel-widget-style-for-1369-0-0-0\" ><h3 class=\"widget-title\">BILDBEHANDLING OCH HANTERING<\/h3>\t\t\t<div class=\"textwidget\"><p>ORNet Pathology ger en detaljerad bild av alla studiemediefiler inklusive bilder, videor och ljud. Anv\u00e4ndare kan anv\u00e4nda filter f\u00f6r att v\u00e4lja specifika filer eller klicka p\u00e5 knappen \"Alla\" f\u00f6r att visa alla filer tillsammans fr\u00e5n den valda studien. Det \u00e4r ocks\u00e5 m\u00f6jligt att l\u00e4gga till externa bilder tagna med digitalkameror till patientfilen.<\/p>\n<p>F\u00f6r bilder \u00e4r m\u00e4tning och markering de viktigaste funktionerna som anv\u00e4nds inom patologi. Patologer kan l\u00e4gga till referensm\u00e5tt, kommentera, l\u00e4gga till kommentarer, markera beh\u00e5llar- och kassettnummer p\u00e5 bilderna. Att skriva standardfraser och texter g\u00f6rs enkelt med automatiserade textfraser. Det finns ocks\u00e5 en rad f\u00e4rger, typsnitt och andra verktyg som skapas i samarbete med patologer f\u00f6r att b\u00e4ttre tillgodose deras behov.<\/p>\n<p class=\"translation-block\">ORNet Pathology till\u00e5ter ocks\u00e5 bilddelning mellan de olika ORNet <a href=\"https:\/\/www.ornet.eu\/sv\/ornet-editor-2-0\/\" target=\"_self\">Pathology-arbetsstationerna<\/a> f\u00f6r en snabb \u00f6versyn. Detta g\u00f6rs utan knyta patientdata till bifogade bilder. Andra m\u00f6jliga funktioner med de tagna bilderna \u00e4r snabb och bekv\u00e4m utskrift av tagna bilder eller att spara bilder p\u00e5 USB.<\/p>\n<\/div>\n\t\t<\/div><\/div><\/div><div id=\"pgc-1369-0-1\"  class=\"panel-grid-cell\" ><div id=\"panel-1369-0-1-0\" class=\"so-panel widget widget_sow-image panel-first-child panel-last-child\" data-index=\"1\" ><div style=\"text-align: left;\" data-title-color=\"#443f3f\" data-headings-color=\"#443f3f\" class=\"panel-widget-style panel-widget-style-for-1369-0-1-0\" ><div\n\t\t\t\n\t\t\tclass=\"so-widget-sow-image so-widget-sow-image-default-8b5b6f678277-1369\"\n\t\t\t\n\t\t>\n<div class=\"sow-image-container\">\n\t\t<img \n\tsrc=\"https:\/\/www.ornet.eu\/wp-content\/uploads\/2017\/03\/HD-150x150.png\" width=\"150\" height=\"150\" srcset=\"https:\/\/www.ornet.eu\/wp-content\/uploads\/2017\/03\/HD-150x150.png 150w, https:\/\/www.ornet.eu\/wp-content\/uploads\/2017\/03\/HD-100x100.png 100w, https:\/\/www.ornet.eu\/wp-content\/uploads\/2017\/03\/HD-48x48.png 48w, https:\/\/www.ornet.eu\/wp-content\/uploads\/2017\/03\/HD-45x45.png 45w, https:\/\/www.ornet.eu\/wp-content\/uploads\/2017\/03\/HD.png 159w\" sizes=\"(max-width: 150px) 100vw, 150px\" alt=\"\" \t\tclass=\"so-widget-image\"\/>\n\t<\/div>\n\n<\/div><\/div><\/div><\/div><\/div><\/div><\/div>","protected":false},"excerpt":{"rendered":"<p>ORNet Pathology provides a detailed view of all study media files including images, videos, and<\/p>","protected":false},"author":1,"featured_media":0,"parent":763,"menu_order":0,"comment_status":"closed","ping_status":"closed","template":"","meta":{"_eb_attr":"","om_disable_all_campaigns":false,"_uf_show_specific_survey":0,"_uf_disable_surveys":false,"two_page_speed":[],"footnotes":""},"class_list":["post-1369","page","type-page","status-publish","hentry"],"yoast_head":"<!-- This site is optimized with the Yoast SEO plugin v27.5 - https:\/\/yoast.com\/product\/yoast-seo-wordpress\/ -->\n<title>Image processing and management &#8211; ORNet<\/title>\n<meta name=\"robots\" content=\"index, follow, max-snippet:-1, max-image-preview:large, max-video-preview:-1\" \/>\n<link rel=\"canonical\" href=\"https:\/\/ornet.eu\/ornet-pathology\/image-processing-and-management\/\" \/>\n<meta property=\"og:locale\" content=\"sv_SE\" \/>\n<meta property=\"og:type\" content=\"article\" \/>\n<meta property=\"og:title\" content=\"Image processing and management &#8211; ORNet\" \/>\n<meta property=\"og:description\" content=\"ORNet Pathology provides a detailed view of all study media files including images, videos, and\" \/>\n<meta property=\"og:url\" content=\"https:\/\/ornet.eu\/ornet-pathology\/image-processing-and-management\/\" \/>\n<meta property=\"og:site_name\" content=\"ORNet\" \/>\n<meta property=\"article:publisher\" content=\"https:\/\/www.facebook.com\/baitpartner\" \/>\n<meta property=\"article:modified_time\" content=\"2023-02-21T10:32:46+00:00\" \/>\n<meta name=\"twitter:card\" content=\"summary_large_image\" \/>\n<meta name=\"twitter:site\" content=\"@BaitPartner\" \/>\n<meta name=\"twitter:label1\" content=\"Ber\u00e4knad l\u00e4stid\" \/>\n\t<meta name=\"twitter:data1\" content=\"2 minuter\" \/>\n<script type=\"application\/ld+json\" class=\"yoast-schema-graph\">{\"@context\":\"https:\\\/\\\/schema.org\",\"@graph\":[{\"@type\":\"WebPage\",\"@id\":\"https:\\\/\\\/ornet.eu\\\/ornet-pathology\\\/image-processing-and-management\\\/\",\"url\":\"https:\\\/\\\/ornet.eu\\\/ornet-pathology\\\/image-processing-and-management\\\/\",\"name\":\"Image processing and management &#8211; ORNet\",\"isPartOf\":{\"@id\":\"https:\\\/\\\/www.ornet.eu\\\/fi\\\/#website\"},\"datePublished\":\"2017-04-25T12:36:58+00:00\",\"dateModified\":\"2023-02-21T10:32:46+00:00\",\"breadcrumb\":{\"@id\":\"https:\\\/\\\/ornet.eu\\\/ornet-pathology\\\/image-processing-and-management\\\/#breadcrumb\"},\"inLanguage\":\"sv-SE\",\"potentialAction\":[{\"@type\":\"ReadAction\",\"target\":[\"https:\\\/\\\/ornet.eu\\\/ornet-pathology\\\/image-processing-and-management\\\/\"]}]},{\"@type\":\"BreadcrumbList\",\"@id\":\"https:\\\/\\\/ornet.eu\\\/ornet-pathology\\\/image-processing-and-management\\\/#breadcrumb\",\"itemListElement\":[{\"@type\":\"ListItem\",\"position\":1,\"name\":\"Home\",\"item\":\"https:\\\/\\\/www.ornet.eu\\\/fi\\\/\"},{\"@type\":\"ListItem\",\"position\":2,\"name\":\"ORNet Pathology\",\"item\":\"https:\\\/\\\/ornet.eu\\\/fi\\\/?page_id=763\"},{\"@type\":\"ListItem\",\"position\":3,\"name\":\"Image processing and management\"}]},{\"@type\":\"WebSite\",\"@id\":\"https:\\\/\\\/www.ornet.eu\\\/fi\\\/#website\",\"url\":\"https:\\\/\\\/www.ornet.eu\\\/fi\\\/\",\"name\":\"ORNet\",\"description\":\"Medical Imaging &amp; Device Management Solutions\",\"publisher\":{\"@id\":\"https:\\\/\\\/www.ornet.eu\\\/fi\\\/#organization\"},\"potentialAction\":[{\"@type\":\"SearchAction\",\"target\":{\"@type\":\"EntryPoint\",\"urlTemplate\":\"https:\\\/\\\/www.ornet.eu\\\/fi\\\/?s={search_term_string}\"},\"query-input\":{\"@type\":\"PropertyValueSpecification\",\"valueRequired\":true,\"valueName\":\"search_term_string\"}}],\"inLanguage\":\"sv-SE\"},{\"@type\":\"Organization\",\"@id\":\"https:\\\/\\\/www.ornet.eu\\\/fi\\\/#organization\",\"name\":\"Bait Partner O\u00dc\",\"url\":\"https:\\\/\\\/www.ornet.eu\\\/fi\\\/\",\"logo\":{\"@type\":\"ImageObject\",\"inLanguage\":\"sv-SE\",\"@id\":\"https:\\\/\\\/www.ornet.eu\\\/fi\\\/#\\\/schema\\\/logo\\\/image\\\/\",\"url\":\"https:\\\/\\\/ornet.eu\\\/wp-content\\\/uploads\\\/2022\\\/03\\\/BAIT-PARTNER-logo-in-square-format.jpg\",\"contentUrl\":\"https:\\\/\\\/ornet.eu\\\/wp-content\\\/uploads\\\/2022\\\/03\\\/BAIT-PARTNER-logo-in-square-format.jpg\",\"width\":520,\"height\":520,\"caption\":\"Bait Partner O\u00dc\"},\"image\":{\"@id\":\"https:\\\/\\\/www.ornet.eu\\\/fi\\\/#\\\/schema\\\/logo\\\/image\\\/\"},\"sameAs\":[\"https:\\\/\\\/www.facebook.com\\\/baitpartner\",\"https:\\\/\\\/x.com\\\/BaitPartner\",\"https:\\\/\\\/www.instagram.com\\\/baitpartner\\\/\",\"https:\\\/\\\/www.linkedin.com\\\/company\\\/bait-partner-o-\\\/\"]}]}<\/script>\n<!-- \/ Yoast SEO plugin. -->","yoast_head_json":{"title":"Image processing and management &#8211; ORNet","robots":{"index":"index","follow":"follow","max-snippet":"max-snippet:-1","max-image-preview":"max-image-preview:large","max-video-preview":"max-video-preview:-1"},"canonical":"https:\/\/ornet.eu\/ornet-pathology\/image-processing-and-management\/","og_locale":"sv_SE","og_type":"article","og_title":"Image processing and management &#8211; ORNet","og_description":"ORNet Pathology provides a detailed view of all study media files including images, videos, and","og_url":"https:\/\/ornet.eu\/ornet-pathology\/image-processing-and-management\/","og_site_name":"ORNet","article_publisher":"https:\/\/www.facebook.com\/baitpartner","article_modified_time":"2023-02-21T10:32:46+00:00","twitter_card":"summary_large_image","twitter_site":"@BaitPartner","twitter_misc":{"Ber\u00e4knad l\u00e4stid":"2 minuter"},"schema":{"@context":"https:\/\/schema.org","@graph":[{"@type":"WebPage","@id":"https:\/\/ornet.eu\/ornet-pathology\/image-processing-and-management\/","url":"https:\/\/ornet.eu\/ornet-pathology\/image-processing-and-management\/","name":"Image processing and management &#8211; ORNet","isPartOf":{"@id":"https:\/\/www.ornet.eu\/fi\/#website"},"datePublished":"2017-04-25T12:36:58+00:00","dateModified":"2023-02-21T10:32:46+00:00","breadcrumb":{"@id":"https:\/\/ornet.eu\/ornet-pathology\/image-processing-and-management\/#breadcrumb"},"inLanguage":"sv-SE","potentialAction":[{"@type":"ReadAction","target":["https:\/\/ornet.eu\/ornet-pathology\/image-processing-and-management\/"]}]},{"@type":"BreadcrumbList","@id":"https:\/\/ornet.eu\/ornet-pathology\/image-processing-and-management\/#breadcrumb","itemListElement":[{"@type":"ListItem","position":1,"name":"Home","item":"https:\/\/www.ornet.eu\/fi\/"},{"@type":"ListItem","position":2,"name":"ORNet Pathology","item":"https:\/\/ornet.eu\/fi\/?page_id=763"},{"@type":"ListItem","position":3,"name":"Image processing and management"}]},{"@type":"WebSite","@id":"https:\/\/www.ornet.eu\/fi\/#website","url":"https:\/\/www.ornet.eu\/fi\/","name":"ORNet","description":"Medical Imaging &amp; Device Management Solutions","publisher":{"@id":"https:\/\/www.ornet.eu\/fi\/#organization"},"potentialAction":[{"@type":"SearchAction","target":{"@type":"EntryPoint","urlTemplate":"https:\/\/www.ornet.eu\/fi\/?s={search_term_string}"},"query-input":{"@type":"PropertyValueSpecification","valueRequired":true,"valueName":"search_term_string"}}],"inLanguage":"sv-SE"},{"@type":"Organization","@id":"https:\/\/www.ornet.eu\/fi\/#organization","name":"Bait Partner O\u00dc","url":"https:\/\/www.ornet.eu\/fi\/","logo":{"@type":"ImageObject","inLanguage":"sv-SE","@id":"https:\/\/www.ornet.eu\/fi\/#\/schema\/logo\/image\/","url":"https:\/\/ornet.eu\/wp-content\/uploads\/2022\/03\/BAIT-PARTNER-logo-in-square-format.jpg","contentUrl":"https:\/\/ornet.eu\/wp-content\/uploads\/2022\/03\/BAIT-PARTNER-logo-in-square-format.jpg","width":520,"height":520,"caption":"Bait Partner O\u00dc"},"image":{"@id":"https:\/\/www.ornet.eu\/fi\/#\/schema\/logo\/image\/"},"sameAs":["https:\/\/www.facebook.com\/baitpartner","https:\/\/x.com\/BaitPartner","https:\/\/www.instagram.com\/baitpartner\/","https:\/\/www.linkedin.com\/company\/bait-partner-o-\/"]}]}},"post_mailing_queue_ids":[],"_links":{"self":[{"href":"https:\/\/www.ornet.eu\/sv\/wp-json\/wp\/v2\/pages\/1369","targetHints":{"allow":["GET"]}}],"collection":[{"href":"https:\/\/www.ornet.eu\/sv\/wp-json\/wp\/v2\/pages"}],"about":[{"href":"https:\/\/www.ornet.eu\/sv\/wp-json\/wp\/v2\/types\/page"}],"author":[{"embeddable":true,"href":"https:\/\/www.ornet.eu\/sv\/wp-json\/wp\/v2\/users\/1"}],"replies":[{"embeddable":true,"href":"https:\/\/www.ornet.eu\/sv\/wp-json\/wp\/v2\/comments?post=1369"}],"version-history":[{"count":5,"href":"https:\/\/www.ornet.eu\/sv\/wp-json\/wp\/v2\/pages\/1369\/revisions"}],"predecessor-version":[{"id":5117,"href":"https:\/\/www.ornet.eu\/sv\/wp-json\/wp\/v2\/pages\/1369\/revisions\/5117"}],"up":[{"embeddable":true,"href":"https:\/\/www.ornet.eu\/sv\/wp-json\/wp\/v2\/pages\/763"}],"wp:attachment":[{"href":"https:\/\/www.ornet.eu\/sv\/wp-json\/wp\/v2\/media?parent=1369"}],"curies":[{"name":"wp","href":"https:\/\/api.w.org\/{rel}","templated":true}]}}