{"id":1329,"date":"2017-04-25T15:19:17","date_gmt":"2017-04-25T12:19:17","guid":{"rendered":"http:\/\/ornet.eu\/?page_id=1329"},"modified":"2023-01-31T11:48:14","modified_gmt":"2023-01-31T09:48:14","slug":"camera","status":"publish","type":"page","link":"https:\/\/www.ornet.eu\/sv\/ornet-pathology\/camera\/","title":{"rendered":"Kamera"},"content":{"rendered":"<div id=\"pl-1329\"  class=\"panel-layout\" ><div id=\"pg-1329-0\"  class=\"panel-grid panel-has-style\" ><div style=\"padding: 0px 0; \" data-overlay=\"true\" data-overlay-color=\"#000000\" class=\"panel-row-style panel-row-style-for-1329-0\" ><div id=\"pgc-1329-0-0\"  class=\"panel-grid-cell\" ><div id=\"panel-1329-0-0-0\" class=\"so-panel widget widget_text panel-first-child panel-last-child\" data-index=\"0\" ><div style=\"text-align: left;\" data-title-color=\"#443f3f\" data-headings-color=\"#443f3f\" class=\"panel-widget-style panel-widget-style-for-1329-0-0-0\" ><h3 class=\"widget-title\">KAMERAHANTERING<\/h3>\t\t\t<div class=\"textwidget\"><p>ORNet Pathology Macro System levereras med en h\u00f6gkvalitets HD (2K) eller UHD (4K) kamera med 20x eller 30x optisk zoom f\u00f6r h\u00f6guppl\u00f6st bild och video. Inst\u00e4llningarna f\u00f6r autofokus, ljusstyrka, vitbalans och iris \u00e4r tillg\u00e4ngliga tillsammans med zoomfunktionen under \"Kamera\"-knappen p\u00e5 huvudsk\u00e4rmen.<\/p>\n<p>F\u00f6r ett smidigt och effektivt arbetsfl\u00f6de \u00e4r genv\u00e4garna f\u00f6r \"Zooma in\" och \"Zooma ut\" ocks\u00e5 tillg\u00e4ngliga p\u00e5 huvudsk\u00e4rmen.<\/p>\n<p>Anv\u00e4ndare kan ocks\u00e5 ansluta olika videok\u00e4llor med ORNet Pathology inklusive dragsk\u00e5ps kameror och USB-kameror.<\/p>\n<\/div>\n\t\t<\/div><\/div><\/div><div id=\"pgc-1329-0-1\"  class=\"panel-grid-cell\" ><div id=\"panel-1329-0-1-0\" class=\"so-panel widget widget_sow-image panel-first-child panel-last-child\" data-index=\"1\" ><div style=\"text-align: left;\" data-title-color=\"#443f3f\" data-headings-color=\"#443f3f\" class=\"panel-widget-style panel-widget-style-for-1329-0-1-0\" ><div\n\t\t\t\n\t\t\tclass=\"so-widget-sow-image so-widget-sow-image-default-c4f6304fc136-1329\"\n\t\t\t\n\t\t>\n<div class=\"sow-image-container\">\n\t\t<img fetchpriority=\"high\" \n\tsrc=\"https:\/\/www.ornet.eu\/wp-content\/uploads\/2017\/03\/cameras.png\" width=\"811\" height=\"809\" srcset=\"https:\/\/www.ornet.eu\/wp-content\/uploads\/2017\/03\/cameras.png 811w, https:\/\/www.ornet.eu\/wp-content\/uploads\/2017\/03\/cameras-150x150.png 150w, https:\/\/www.ornet.eu\/wp-content\/uploads\/2017\/03\/cameras-300x300.png 300w, https:\/\/www.ornet.eu\/wp-content\/uploads\/2017\/03\/cameras-768x766.png 768w, https:\/\/www.ornet.eu\/wp-content\/uploads\/2017\/03\/cameras-250x250.png 250w, https:\/\/www.ornet.eu\/wp-content\/uploads\/2017\/03\/cameras-230x229.png 230w, https:\/\/www.ornet.eu\/wp-content\/uploads\/2017\/03\/cameras-350x349.png 350w, https:\/\/www.ornet.eu\/wp-content\/uploads\/2017\/03\/cameras-480x479.png 480w, https:\/\/www.ornet.eu\/wp-content\/uploads\/2017\/03\/cameras-45x45.png 45w\" sizes=\"(max-width: 811px) 100vw, 811px\" title=\"cameras management\" alt=\"\" \t\tclass=\"so-widget-image\"\/>\n\t<\/div>\n\n<\/div><\/div><\/div><\/div><\/div><\/div><\/div>","protected":false},"excerpt":{"rendered":"<p>ORNet Pathology Macro System is supplied with a top quality UHD (4K) camera with 20x<\/p>","protected":false},"author":1,"featured_media":0,"parent":763,"menu_order":0,"comment_status":"closed","ping_status":"closed","template":"","meta":{"_eb_attr":"","om_disable_all_campaigns":false,"_uf_show_specific_survey":0,"_uf_disable_surveys":false,"two_page_speed":[],"footnotes":""},"class_list":["post-1329","page","type-page","status-publish","hentry"],"yoast_head":"<!-- This site is optimized with the Yoast SEO plugin v27.5 - https:\/\/yoast.com\/product\/yoast-seo-wordpress\/ -->\n<title>Camera &#8211; ORNet<\/title>\n<meta name=\"robots\" content=\"index, follow, max-snippet:-1, max-image-preview:large, max-video-preview:-1\" \/>\n<link rel=\"canonical\" href=\"https:\/\/ornet.eu\/sv\/ornet-pathology\/camera\/\" \/>\n<meta property=\"og:locale\" content=\"sv_SE\" \/>\n<meta property=\"og:type\" content=\"article\" \/>\n<meta property=\"og:title\" content=\"Camera &#8211; ORNet\" \/>\n<meta property=\"og:description\" content=\"ORNet Pathology Macro System is supplied with a top quality UHD (4K) camera with 20x\" \/>\n<meta property=\"og:url\" content=\"https:\/\/ornet.eu\/sv\/ornet-pathology\/camera\/\" \/>\n<meta property=\"og:site_name\" content=\"ORNet\" \/>\n<meta property=\"article:publisher\" content=\"https:\/\/www.facebook.com\/baitpartner\" \/>\n<meta property=\"article:modified_time\" content=\"2023-01-31T09:48:14+00:00\" \/>\n<meta name=\"twitter:card\" content=\"summary_large_image\" \/>\n<meta name=\"twitter:site\" content=\"@BaitPartner\" \/>\n<meta name=\"twitter:label1\" content=\"Ber\u00e4knad l\u00e4stid\" \/>\n\t<meta name=\"twitter:data1\" content=\"1 minut\" \/>\n<script type=\"application\/ld+json\" class=\"yoast-schema-graph\">{\"@context\":\"https:\\\/\\\/schema.org\",\"@graph\":[{\"@type\":\"WebPage\",\"@id\":\"https:\\\/\\\/ornet.eu\\\/sv\\\/ornet-pathology\\\/camera\\\/\",\"url\":\"https:\\\/\\\/ornet.eu\\\/sv\\\/ornet-pathology\\\/camera\\\/\",\"name\":\"Camera &#8211; ORNet\",\"isPartOf\":{\"@id\":\"https:\\\/\\\/www.ornet.eu\\\/fi\\\/#website\"},\"datePublished\":\"2017-04-25T12:19:17+00:00\",\"dateModified\":\"2023-01-31T09:48:14+00:00\",\"breadcrumb\":{\"@id\":\"https:\\\/\\\/ornet.eu\\\/sv\\\/ornet-pathology\\\/camera\\\/#breadcrumb\"},\"inLanguage\":\"sv-SE\",\"potentialAction\":[{\"@type\":\"ReadAction\",\"target\":[\"https:\\\/\\\/ornet.eu\\\/sv\\\/ornet-pathology\\\/camera\\\/\"]}]},{\"@type\":\"BreadcrumbList\",\"@id\":\"https:\\\/\\\/ornet.eu\\\/sv\\\/ornet-pathology\\\/camera\\\/#breadcrumb\",\"itemListElement\":[{\"@type\":\"ListItem\",\"position\":1,\"name\":\"Home\",\"item\":\"https:\\\/\\\/www.ornet.eu\\\/fi\\\/\"},{\"@type\":\"ListItem\",\"position\":2,\"name\":\"ORNet Pathology\",\"item\":\"https:\\\/\\\/ornet.eu\\\/fi\\\/?page_id=763\"},{\"@type\":\"ListItem\",\"position\":3,\"name\":\"Camera\"}]},{\"@type\":\"WebSite\",\"@id\":\"https:\\\/\\\/www.ornet.eu\\\/fi\\\/#website\",\"url\":\"https:\\\/\\\/www.ornet.eu\\\/fi\\\/\",\"name\":\"ORNet\",\"description\":\"Medical Imaging &amp; Device Management Solutions\",\"publisher\":{\"@id\":\"https:\\\/\\\/www.ornet.eu\\\/fi\\\/#organization\"},\"potentialAction\":[{\"@type\":\"SearchAction\",\"target\":{\"@type\":\"EntryPoint\",\"urlTemplate\":\"https:\\\/\\\/www.ornet.eu\\\/fi\\\/?s={search_term_string}\"},\"query-input\":{\"@type\":\"PropertyValueSpecification\",\"valueRequired\":true,\"valueName\":\"search_term_string\"}}],\"inLanguage\":\"sv-SE\"},{\"@type\":\"Organization\",\"@id\":\"https:\\\/\\\/www.ornet.eu\\\/fi\\\/#organization\",\"name\":\"Bait Partner O\u00dc\",\"url\":\"https:\\\/\\\/www.ornet.eu\\\/fi\\\/\",\"logo\":{\"@type\":\"ImageObject\",\"inLanguage\":\"sv-SE\",\"@id\":\"https:\\\/\\\/www.ornet.eu\\\/fi\\\/#\\\/schema\\\/logo\\\/image\\\/\",\"url\":\"https:\\\/\\\/ornet.eu\\\/wp-content\\\/uploads\\\/2022\\\/03\\\/BAIT-PARTNER-logo-in-square-format.jpg\",\"contentUrl\":\"https:\\\/\\\/ornet.eu\\\/wp-content\\\/uploads\\\/2022\\\/03\\\/BAIT-PARTNER-logo-in-square-format.jpg\",\"width\":520,\"height\":520,\"caption\":\"Bait Partner O\u00dc\"},\"image\":{\"@id\":\"https:\\\/\\\/www.ornet.eu\\\/fi\\\/#\\\/schema\\\/logo\\\/image\\\/\"},\"sameAs\":[\"https:\\\/\\\/www.facebook.com\\\/baitpartner\",\"https:\\\/\\\/x.com\\\/BaitPartner\",\"https:\\\/\\\/www.instagram.com\\\/baitpartner\\\/\",\"https:\\\/\\\/www.linkedin.com\\\/company\\\/bait-partner-o-\\\/\"]}]}<\/script>\n<!-- \/ Yoast SEO plugin. -->","yoast_head_json":{"title":"Camera &#8211; ORNet","robots":{"index":"index","follow":"follow","max-snippet":"max-snippet:-1","max-image-preview":"max-image-preview:large","max-video-preview":"max-video-preview:-1"},"canonical":"https:\/\/ornet.eu\/sv\/ornet-pathology\/camera\/","og_locale":"sv_SE","og_type":"article","og_title":"Camera &#8211; ORNet","og_description":"ORNet Pathology Macro System is supplied with a top quality UHD (4K) camera with 20x","og_url":"https:\/\/ornet.eu\/sv\/ornet-pathology\/camera\/","og_site_name":"ORNet","article_publisher":"https:\/\/www.facebook.com\/baitpartner","article_modified_time":"2023-01-31T09:48:14+00:00","twitter_card":"summary_large_image","twitter_site":"@BaitPartner","twitter_misc":{"Ber\u00e4knad l\u00e4stid":"1 minut"},"schema":{"@context":"https:\/\/schema.org","@graph":[{"@type":"WebPage","@id":"https:\/\/ornet.eu\/sv\/ornet-pathology\/camera\/","url":"https:\/\/ornet.eu\/sv\/ornet-pathology\/camera\/","name":"Camera &#8211; ORNet","isPartOf":{"@id":"https:\/\/www.ornet.eu\/fi\/#website"},"datePublished":"2017-04-25T12:19:17+00:00","dateModified":"2023-01-31T09:48:14+00:00","breadcrumb":{"@id":"https:\/\/ornet.eu\/sv\/ornet-pathology\/camera\/#breadcrumb"},"inLanguage":"sv-SE","potentialAction":[{"@type":"ReadAction","target":["https:\/\/ornet.eu\/sv\/ornet-pathology\/camera\/"]}]},{"@type":"BreadcrumbList","@id":"https:\/\/ornet.eu\/sv\/ornet-pathology\/camera\/#breadcrumb","itemListElement":[{"@type":"ListItem","position":1,"name":"Home","item":"https:\/\/www.ornet.eu\/fi\/"},{"@type":"ListItem","position":2,"name":"ORNet Pathology","item":"https:\/\/ornet.eu\/fi\/?page_id=763"},{"@type":"ListItem","position":3,"name":"Camera"}]},{"@type":"WebSite","@id":"https:\/\/www.ornet.eu\/fi\/#website","url":"https:\/\/www.ornet.eu\/fi\/","name":"ORNet","description":"Medical Imaging &amp; Device Management Solutions","publisher":{"@id":"https:\/\/www.ornet.eu\/fi\/#organization"},"potentialAction":[{"@type":"SearchAction","target":{"@type":"EntryPoint","urlTemplate":"https:\/\/www.ornet.eu\/fi\/?s={search_term_string}"},"query-input":{"@type":"PropertyValueSpecification","valueRequired":true,"valueName":"search_term_string"}}],"inLanguage":"sv-SE"},{"@type":"Organization","@id":"https:\/\/www.ornet.eu\/fi\/#organization","name":"Bait Partner O\u00dc","url":"https:\/\/www.ornet.eu\/fi\/","logo":{"@type":"ImageObject","inLanguage":"sv-SE","@id":"https:\/\/www.ornet.eu\/fi\/#\/schema\/logo\/image\/","url":"https:\/\/ornet.eu\/wp-content\/uploads\/2022\/03\/BAIT-PARTNER-logo-in-square-format.jpg","contentUrl":"https:\/\/ornet.eu\/wp-content\/uploads\/2022\/03\/BAIT-PARTNER-logo-in-square-format.jpg","width":520,"height":520,"caption":"Bait Partner O\u00dc"},"image":{"@id":"https:\/\/www.ornet.eu\/fi\/#\/schema\/logo\/image\/"},"sameAs":["https:\/\/www.facebook.com\/baitpartner","https:\/\/x.com\/BaitPartner","https:\/\/www.instagram.com\/baitpartner\/","https:\/\/www.linkedin.com\/company\/bait-partner-o-\/"]}]}},"post_mailing_queue_ids":[],"_links":{"self":[{"href":"https:\/\/www.ornet.eu\/sv\/wp-json\/wp\/v2\/pages\/1329","targetHints":{"allow":["GET"]}}],"collection":[{"href":"https:\/\/www.ornet.eu\/sv\/wp-json\/wp\/v2\/pages"}],"about":[{"href":"https:\/\/www.ornet.eu\/sv\/wp-json\/wp\/v2\/types\/page"}],"author":[{"embeddable":true,"href":"https:\/\/www.ornet.eu\/sv\/wp-json\/wp\/v2\/users\/1"}],"replies":[{"embeddable":true,"href":"https:\/\/www.ornet.eu\/sv\/wp-json\/wp\/v2\/comments?post=1329"}],"version-history":[{"count":5,"href":"https:\/\/www.ornet.eu\/sv\/wp-json\/wp\/v2\/pages\/1329\/revisions"}],"predecessor-version":[{"id":5043,"href":"https:\/\/www.ornet.eu\/sv\/wp-json\/wp\/v2\/pages\/1329\/revisions\/5043"}],"up":[{"embeddable":true,"href":"https:\/\/www.ornet.eu\/sv\/wp-json\/wp\/v2\/pages\/763"}],"wp:attachment":[{"href":"https:\/\/www.ornet.eu\/sv\/wp-json\/wp\/v2\/media?parent=1329"}],"curies":[{"name":"wp","href":"https:\/\/api.w.org\/{rel}","templated":true}]}}