{"id":4896,"date":"2023-01-17T16:39:45","date_gmt":"2023-01-17T14:39:45","guid":{"rendered":"https:\/\/ornet.eu\/?page_id=4896"},"modified":"2023-01-31T11:59:04","modified_gmt":"2023-01-31T09:59:04","slug":"image-sources-processing-and-management","status":"publish","type":"page","link":"https:\/\/www.ornet.eu\/fi\/ornet-capture\/image-sources-processing-and-management\/","title":{"rendered":"Kuval\u00e4hteiden K\u00e4sittely ja Hallinta"},"content":{"rendered":"<div id=\"pl-gb4896-69deabdea2706\"  class=\"panel-layout\" ><div id=\"pg-gb4896-69deabdea2706-0\"  class=\"panel-grid panel-has-style\" ><div style=\"padding: 0px 0; \" data-overlay=\"true\" data-overlay-color=\"#000000\" class=\"panel-row-style panel-row-style-for-gb4896-69deabdea2706-0\" ><div id=\"pgc-gb4896-69deabdea2706-0-0\"  class=\"panel-grid-cell\" ><div id=\"panel-gb4896-69deabdea2706-0-0-0\" class=\"so-panel widget widget_text panel-first-child panel-last-child\" data-index=\"0\" ><div style=\"text-align: left;\" data-title-color=\"#443f3f\" data-headings-color=\"#443f3f\" class=\"panel-widget-style panel-widget-style-for-gb4896-69deabdea2706-0-0-0\" ><h3 class=\"widget-title\">Kuvanl\u00e4hteen k\u00e4sittely ja hallinta<\/h3>\t\t\t<div class=\"textwidget\"><p>J\u00e4rjestelm\u00e4 mahdollistaa lis\u00e4monitorin lis\u00e4\u00e4misen, mik\u00e4 voi olla diagnostiikka- tai kosketusn\u00e4ytt\u00f6. Ihanteellinen, kun ty\u00f6skennell\u00e4\u00e4n yhdess\u00e4 assistentin kanssa. L\u00e4hteenkuvia voidaan katsella ja tallentaa HD-laatuisina. J\u00e4rjestelm\u00e4ll\u00e4 voit tallentaa yht\u00e4 suoratoistoa ja still-kuvia samanaikaisesti. Pys\u00e4ytyskuvia voidaan kaapata, niihin voidaan tehd\u00e4 n\u00e4ytemerkint\u00f6j\u00e4 ja ne voidaan tallentaa samanaikaisesti videoiden kanssa.<\/p>\n<p>Esiasetuksissa m\u00e4\u00e4r\u00e4t\u00e4\u00e4n, tallennetanko videoihin \u00e4\u00e4nt\u00e4 vai ei. \u00c4\u00e4nitiedostoja voidaan lis\u00e4t\u00e4 my\u00f6s potilastiedostoihin.<\/p>\n<\/div>\n\t\t<\/div><\/div><\/div><div id=\"pgc-gb4896-69deabdea2706-0-1\"  class=\"panel-grid-cell\" ><div id=\"panel-gb4896-69deabdea2706-0-1-0\" class=\"so-panel widget widget_sow-image panel-first-child panel-last-child\" data-index=\"1\" ><div style=\"text-align: left;\" data-title-color=\"#443f3f\" data-headings-color=\"#443f3f\" class=\"panel-widget-style panel-widget-style-for-gb4896-69deabdea2706-0-1-0\" ><div\n\t\t\t\n\t\t\tclass=\"so-widget-sow-image so-widget-sow-image-default-c67d20f9f743-4896\"\n\t\t\t\n\t\t>\n<div class=\"sow-image-container\">\n\t\t<img \n\tsrc=\"https:\/\/ornet.eu\/wp-content\/uploads\/2023\/01\/4K-Video-Icon-2.png\" width=\"150\" height=\"150\" srcset=\"https:\/\/ornet.eu\/wp-content\/uploads\/2023\/01\/4K-Video-Icon-2.png 500w, https:\/\/ornet.eu\/wp-content\/uploads\/2023\/01\/4K-Video-Icon-2-300x300.png 300w, https:\/\/ornet.eu\/wp-content\/uploads\/2023\/01\/4K-Video-Icon-2-150x150.png 150w, https:\/\/ornet.eu\/wp-content\/uploads\/2023\/01\/4K-Video-Icon-2-12x12.png 12w, https:\/\/ornet.eu\/wp-content\/uploads\/2023\/01\/4K-Video-Icon-2-230x230.png 230w, https:\/\/ornet.eu\/wp-content\/uploads\/2023\/01\/4K-Video-Icon-2-350x350.png 350w, https:\/\/ornet.eu\/wp-content\/uploads\/2023\/01\/4K-Video-Icon-2-480x480.png 480w, https:\/\/ornet.eu\/wp-content\/uploads\/2023\/01\/4K-Video-Icon-2-45x45.png 45w\" sizes=\"(max-width: 150px) 100vw, 150px\" title=\"4K Video processing &#038; management\" alt=\"4K Video and image processing in hospitals\" \t\tclass=\"so-widget-image\"\/>\n\t<\/div>\n\n<\/div><\/div><\/div><\/div><\/div><\/div><\/div>","protected":false},"excerpt":{"rendered":"<p>The system allows adding an additional monitor, which can be a diagnostic or touch monitor.<\/p>","protected":false},"author":1,"featured_media":0,"parent":760,"menu_order":0,"comment_status":"closed","ping_status":"closed","template":"","meta":{"_eb_attr":"","om_disable_all_campaigns":false,"_uf_show_specific_survey":0,"_uf_disable_surveys":false,"two_page_speed":[],"footnotes":""},"class_list":["post-4896","page","type-page","status-publish","hentry"],"yoast_head":"<!-- This site is optimized with the Yoast SEO plugin v27.4 - https:\/\/yoast.com\/product\/yoast-seo-wordpress\/ -->\n<title>Image Sources Processing and Management &#8211; ORNet<\/title>\n<meta name=\"robots\" content=\"index, follow, max-snippet:-1, max-image-preview:large, max-video-preview:-1\" \/>\n<link rel=\"canonical\" href=\"https:\/\/ornet.eu\/sv\/ornet-capture\/image-sources-processing-and-management\/\" \/>\n<meta property=\"og:locale\" content=\"fi_FI\" \/>\n<meta property=\"og:type\" content=\"article\" \/>\n<meta property=\"og:title\" content=\"Image Sources Processing and Management &#8211; ORNet\" \/>\n<meta property=\"og:description\" content=\"The system allows adding an additional monitor, which can be a diagnostic or touch monitor.\" \/>\n<meta property=\"og:url\" content=\"https:\/\/ornet.eu\/sv\/ornet-capture\/image-sources-processing-and-management\/\" \/>\n<meta property=\"og:site_name\" content=\"ORNet\" \/>\n<meta property=\"article:publisher\" content=\"https:\/\/www.facebook.com\/baitpartner\" \/>\n<meta property=\"article:modified_time\" content=\"2023-01-31T09:59:04+00:00\" \/>\n<meta property=\"og:image\" content=\"https:\/\/ornet.eu\/wp-content\/uploads\/2023\/01\/4K-Video-Icon-2.png\" \/>\n<meta name=\"twitter:card\" content=\"summary_large_image\" \/>\n<meta name=\"twitter:site\" content=\"@BaitPartner\" \/>\n<meta name=\"twitter:label1\" content=\"Arvioitu lukuaika\" \/>\n\t<meta name=\"twitter:data1\" content=\"1 minuutti\" \/>\n<script type=\"application\/ld+json\" class=\"yoast-schema-graph\">{\"@context\":\"https:\\\/\\\/schema.org\",\"@graph\":[{\"@type\":\"WebPage\",\"@id\":\"https:\\\/\\\/ornet.eu\\\/sv\\\/ornet-capture\\\/image-sources-processing-and-management\\\/\",\"url\":\"https:\\\/\\\/ornet.eu\\\/sv\\\/ornet-capture\\\/image-sources-processing-and-management\\\/\",\"name\":\"Image Sources Processing and Management &#8211; ORNet\",\"isPartOf\":{\"@id\":\"https:\\\/\\\/ornet.eu\\\/da\\\/#website\"},\"primaryImageOfPage\":{\"@id\":\"https:\\\/\\\/ornet.eu\\\/sv\\\/ornet-capture\\\/image-sources-processing-and-management\\\/#primaryimage\"},\"image\":{\"@id\":\"https:\\\/\\\/ornet.eu\\\/sv\\\/ornet-capture\\\/image-sources-processing-and-management\\\/#primaryimage\"},\"thumbnailUrl\":\"https:\\\/\\\/ornet.eu\\\/wp-content\\\/uploads\\\/2023\\\/01\\\/4K-Video-Icon-2.png\",\"datePublished\":\"2023-01-17T14:39:45+00:00\",\"dateModified\":\"2023-01-31T09:59:04+00:00\",\"breadcrumb\":{\"@id\":\"https:\\\/\\\/ornet.eu\\\/sv\\\/ornet-capture\\\/image-sources-processing-and-management\\\/#breadcrumb\"},\"inLanguage\":\"fi\",\"potentialAction\":[{\"@type\":\"ReadAction\",\"target\":[\"https:\\\/\\\/ornet.eu\\\/sv\\\/ornet-capture\\\/image-sources-processing-and-management\\\/\"]}]},{\"@type\":\"ImageObject\",\"inLanguage\":\"fi\",\"@id\":\"https:\\\/\\\/ornet.eu\\\/sv\\\/ornet-capture\\\/image-sources-processing-and-management\\\/#primaryimage\",\"url\":\"https:\\\/\\\/ornet.eu\\\/wp-content\\\/uploads\\\/2023\\\/01\\\/4K-Video-Icon-2.png\",\"contentUrl\":\"https:\\\/\\\/ornet.eu\\\/wp-content\\\/uploads\\\/2023\\\/01\\\/4K-Video-Icon-2.png\"},{\"@type\":\"BreadcrumbList\",\"@id\":\"https:\\\/\\\/ornet.eu\\\/sv\\\/ornet-capture\\\/image-sources-processing-and-management\\\/#breadcrumb\",\"itemListElement\":[{\"@type\":\"ListItem\",\"position\":1,\"name\":\"Home\",\"item\":\"https:\\\/\\\/ornet.eu\\\/da\\\/\"},{\"@type\":\"ListItem\",\"position\":2,\"name\":\"ORNet Capture\",\"item\":\"https:\\\/\\\/www.ornet.eu\\\/et\\\/ornet-capture\\\/\"},{\"@type\":\"ListItem\",\"position\":3,\"name\":\"Image Sources Processing and Management\"}]},{\"@type\":\"WebSite\",\"@id\":\"https:\\\/\\\/ornet.eu\\\/da\\\/#website\",\"url\":\"https:\\\/\\\/ornet.eu\\\/da\\\/\",\"name\":\"ORNet\",\"description\":\"Medical Imaging &amp; Device Management Solutions\",\"publisher\":{\"@id\":\"https:\\\/\\\/ornet.eu\\\/da\\\/#organization\"},\"potentialAction\":[{\"@type\":\"SearchAction\",\"target\":{\"@type\":\"EntryPoint\",\"urlTemplate\":\"https:\\\/\\\/ornet.eu\\\/da\\\/?s={search_term_string}\"},\"query-input\":{\"@type\":\"PropertyValueSpecification\",\"valueRequired\":true,\"valueName\":\"search_term_string\"}}],\"inLanguage\":\"fi\"},{\"@type\":\"Organization\",\"@id\":\"https:\\\/\\\/ornet.eu\\\/da\\\/#organization\",\"name\":\"Bait Partner O\u00dc\",\"url\":\"https:\\\/\\\/ornet.eu\\\/da\\\/\",\"logo\":{\"@type\":\"ImageObject\",\"inLanguage\":\"fi\",\"@id\":\"https:\\\/\\\/ornet.eu\\\/da\\\/#\\\/schema\\\/logo\\\/image\\\/\",\"url\":\"https:\\\/\\\/ornet.eu\\\/wp-content\\\/uploads\\\/2022\\\/03\\\/BAIT-PARTNER-logo-in-square-format.jpg\",\"contentUrl\":\"https:\\\/\\\/ornet.eu\\\/wp-content\\\/uploads\\\/2022\\\/03\\\/BAIT-PARTNER-logo-in-square-format.jpg\",\"width\":520,\"height\":520,\"caption\":\"Bait Partner O\u00dc\"},\"image\":{\"@id\":\"https:\\\/\\\/ornet.eu\\\/da\\\/#\\\/schema\\\/logo\\\/image\\\/\"},\"sameAs\":[\"https:\\\/\\\/www.facebook.com\\\/baitpartner\",\"https:\\\/\\\/x.com\\\/BaitPartner\",\"https:\\\/\\\/www.instagram.com\\\/baitpartner\\\/\",\"https:\\\/\\\/www.linkedin.com\\\/company\\\/bait-partner-o-\\\/\"]}]}<\/script>\n<!-- \/ Yoast SEO plugin. -->","yoast_head_json":{"title":"Image Sources Processing and Management &#8211; ORNet","robots":{"index":"index","follow":"follow","max-snippet":"max-snippet:-1","max-image-preview":"max-image-preview:large","max-video-preview":"max-video-preview:-1"},"canonical":"https:\/\/ornet.eu\/sv\/ornet-capture\/image-sources-processing-and-management\/","og_locale":"fi_FI","og_type":"article","og_title":"Image Sources Processing and Management &#8211; ORNet","og_description":"The system allows adding an additional monitor, which can be a diagnostic or touch monitor.","og_url":"https:\/\/ornet.eu\/sv\/ornet-capture\/image-sources-processing-and-management\/","og_site_name":"ORNet","article_publisher":"https:\/\/www.facebook.com\/baitpartner","article_modified_time":"2023-01-31T09:59:04+00:00","og_image":[{"url":"https:\/\/ornet.eu\/wp-content\/uploads\/2023\/01\/4K-Video-Icon-2.png","type":"","width":"","height":""}],"twitter_card":"summary_large_image","twitter_site":"@BaitPartner","twitter_misc":{"Arvioitu lukuaika":"1 minuutti"},"schema":{"@context":"https:\/\/schema.org","@graph":[{"@type":"WebPage","@id":"https:\/\/ornet.eu\/sv\/ornet-capture\/image-sources-processing-and-management\/","url":"https:\/\/ornet.eu\/sv\/ornet-capture\/image-sources-processing-and-management\/","name":"Image Sources Processing and Management &#8211; ORNet","isPartOf":{"@id":"https:\/\/ornet.eu\/da\/#website"},"primaryImageOfPage":{"@id":"https:\/\/ornet.eu\/sv\/ornet-capture\/image-sources-processing-and-management\/#primaryimage"},"image":{"@id":"https:\/\/ornet.eu\/sv\/ornet-capture\/image-sources-processing-and-management\/#primaryimage"},"thumbnailUrl":"https:\/\/ornet.eu\/wp-content\/uploads\/2023\/01\/4K-Video-Icon-2.png","datePublished":"2023-01-17T14:39:45+00:00","dateModified":"2023-01-31T09:59:04+00:00","breadcrumb":{"@id":"https:\/\/ornet.eu\/sv\/ornet-capture\/image-sources-processing-and-management\/#breadcrumb"},"inLanguage":"fi","potentialAction":[{"@type":"ReadAction","target":["https:\/\/ornet.eu\/sv\/ornet-capture\/image-sources-processing-and-management\/"]}]},{"@type":"ImageObject","inLanguage":"fi","@id":"https:\/\/ornet.eu\/sv\/ornet-capture\/image-sources-processing-and-management\/#primaryimage","url":"https:\/\/ornet.eu\/wp-content\/uploads\/2023\/01\/4K-Video-Icon-2.png","contentUrl":"https:\/\/ornet.eu\/wp-content\/uploads\/2023\/01\/4K-Video-Icon-2.png"},{"@type":"BreadcrumbList","@id":"https:\/\/ornet.eu\/sv\/ornet-capture\/image-sources-processing-and-management\/#breadcrumb","itemListElement":[{"@type":"ListItem","position":1,"name":"Home","item":"https:\/\/ornet.eu\/da\/"},{"@type":"ListItem","position":2,"name":"ORNet Capture","item":"https:\/\/www.ornet.eu\/et\/ornet-capture\/"},{"@type":"ListItem","position":3,"name":"Image Sources Processing and Management"}]},{"@type":"WebSite","@id":"https:\/\/ornet.eu\/da\/#website","url":"https:\/\/ornet.eu\/da\/","name":"ORNet","description":"Medical Imaging &amp; Device Management Solutions","publisher":{"@id":"https:\/\/ornet.eu\/da\/#organization"},"potentialAction":[{"@type":"SearchAction","target":{"@type":"EntryPoint","urlTemplate":"https:\/\/ornet.eu\/da\/?s={search_term_string}"},"query-input":{"@type":"PropertyValueSpecification","valueRequired":true,"valueName":"search_term_string"}}],"inLanguage":"fi"},{"@type":"Organization","@id":"https:\/\/ornet.eu\/da\/#organization","name":"Bait Partner O\u00dc","url":"https:\/\/ornet.eu\/da\/","logo":{"@type":"ImageObject","inLanguage":"fi","@id":"https:\/\/ornet.eu\/da\/#\/schema\/logo\/image\/","url":"https:\/\/ornet.eu\/wp-content\/uploads\/2022\/03\/BAIT-PARTNER-logo-in-square-format.jpg","contentUrl":"https:\/\/ornet.eu\/wp-content\/uploads\/2022\/03\/BAIT-PARTNER-logo-in-square-format.jpg","width":520,"height":520,"caption":"Bait Partner O\u00dc"},"image":{"@id":"https:\/\/ornet.eu\/da\/#\/schema\/logo\/image\/"},"sameAs":["https:\/\/www.facebook.com\/baitpartner","https:\/\/x.com\/BaitPartner","https:\/\/www.instagram.com\/baitpartner\/","https:\/\/www.linkedin.com\/company\/bait-partner-o-\/"]}]}},"post_mailing_queue_ids":[],"_links":{"self":[{"href":"https:\/\/www.ornet.eu\/fi\/wp-json\/wp\/v2\/pages\/4896","targetHints":{"allow":["GET"]}}],"collection":[{"href":"https:\/\/www.ornet.eu\/fi\/wp-json\/wp\/v2\/pages"}],"about":[{"href":"https:\/\/www.ornet.eu\/fi\/wp-json\/wp\/v2\/types\/page"}],"author":[{"embeddable":true,"href":"https:\/\/www.ornet.eu\/fi\/wp-json\/wp\/v2\/users\/1"}],"replies":[{"embeddable":true,"href":"https:\/\/www.ornet.eu\/fi\/wp-json\/wp\/v2\/comments?post=4896"}],"version-history":[{"count":5,"href":"https:\/\/www.ornet.eu\/fi\/wp-json\/wp\/v2\/pages\/4896\/revisions"}],"predecessor-version":[{"id":5049,"href":"https:\/\/www.ornet.eu\/fi\/wp-json\/wp\/v2\/pages\/4896\/revisions\/5049"}],"up":[{"embeddable":true,"href":"https:\/\/www.ornet.eu\/fi\/wp-json\/wp\/v2\/pages\/760"}],"wp:attachment":[{"href":"https:\/\/www.ornet.eu\/fi\/wp-json\/wp\/v2\/media?parent=4896"}],"curies":[{"name":"wp","href":"https:\/\/api.w.org\/{rel}","templated":true}]}}