{"id":1369,"date":"2017-04-25T15:36:58","date_gmt":"2017-04-25T12:36:58","guid":{"rendered":"http:\/\/ornet.eu\/?page_id=1369"},"modified":"2023-02-21T12:32:46","modified_gmt":"2023-02-21T10:32:46","slug":"image-processing-and-management","status":"publish","type":"page","link":"https:\/\/www.ornet.eu\/da\/ornet-pathology\/image-processing-and-management\/","title":{"rendered":"Image processing and management"},"content":{"rendered":"<div id=\"pl-1369\"  class=\"panel-layout\" ><div id=\"pg-1369-0\"  class=\"panel-grid panel-has-style\" ><div style=\"padding: 0px 0; \" data-overlay=\"true\" data-overlay-color=\"#000000\" class=\"panel-row-style panel-row-style-for-1369-0\" ><div id=\"pgc-1369-0-0\"  class=\"panel-grid-cell\" ><div id=\"panel-1369-0-0-0\" class=\"so-panel widget widget_text panel-first-child panel-last-child\" data-index=\"0\" ><div style=\"text-align: left;\" data-title-color=\"#443f3f\" data-headings-color=\"#443f3f\" class=\"panel-widget-style panel-widget-style-for-1369-0-0-0\" ><h3 class=\"widget-title\">BILLEDBEHANDLING OG -STYRING<\/h3>\t\t\t<div class=\"textwidget\"><p>ORNet Pathology giver en detaljeret visning af alle studiemediefiler, herunder billeder, videoer og lydb\u00e5nd. Brugere kan bruge filtre til at v\u00e6lge en bestemt fil eller klikke p\u00e5 knappen \"All\" for at se alle filer sammen fra den valgte unders\u00f8gelse. Det er ogs\u00e5 muligt at tilf\u00f8je eksterne billeder taget med digitale kameraer til patientfilen.<\/p>\n<p>For billeder er m\u00e5ling og m\u00e6rkning de vigtigste funktioner, der anvendes i patologi. Patologer kan tilf\u00f8je referencem\u00e5l, kommentere, tilf\u00f8je kommentarer, markere container- og kassettenumre p\u00e5 billederne. At skrive standard s\u00e6tninger og tekster er gjort nemt med automatiserede tekst s\u00e6tninger. Der er ogs\u00e5 en r\u00e6kke farver, skrifttyper og andre v\u00e6rkt\u00f8jer, der er skabt i samarbejde med patologer for bedre at tjene deres behov.<\/p>\n<p class=\"translation-block\">ORNet Pathology tillader ogs\u00e5 billeddeling mellem de forskellige ORNet <a href=\"https:\/\/www.ornet.eu\/da\/ornet-editor-2-0\/\" target=\"_self\">Pathology-arbejdsstationer<\/a> for en hurtig gennemgang. Dette g\u00f8res uden patientdata knyttet til billeder. Andre mulige operationer med de taget billeder er hurtig og bekvem udskrivning af taget billeder eller lagring af billeder p\u00e5 en USB.<\/p>\n<\/div>\n\t\t<\/div><\/div><\/div><div id=\"pgc-1369-0-1\"  class=\"panel-grid-cell\" ><div id=\"panel-1369-0-1-0\" class=\"so-panel widget widget_sow-image panel-first-child panel-last-child\" data-index=\"1\" ><div style=\"text-align: left;\" data-title-color=\"#443f3f\" data-headings-color=\"#443f3f\" class=\"panel-widget-style panel-widget-style-for-1369-0-1-0\" ><div\n\t\t\t\n\t\t\tclass=\"so-widget-sow-image so-widget-sow-image-default-8b5b6f678277-1369\"\n\t\t\t\n\t\t>\n<div class=\"sow-image-container\">\n\t\t<img \n\tsrc=\"https:\/\/ornet.eu\/wp-content\/uploads\/2017\/03\/HD-150x150.png\" width=\"150\" height=\"150\" srcset=\"https:\/\/ornet.eu\/wp-content\/uploads\/2017\/03\/HD-150x150.png 150w, https:\/\/ornet.eu\/wp-content\/uploads\/2017\/03\/HD-100x100.png 100w, https:\/\/ornet.eu\/wp-content\/uploads\/2017\/03\/HD-48x48.png 48w, https:\/\/ornet.eu\/wp-content\/uploads\/2017\/03\/HD-45x45.png 45w, https:\/\/ornet.eu\/wp-content\/uploads\/2017\/03\/HD.png 159w\" sizes=\"(max-width: 150px) 100vw, 150px\" alt=\"\" \t\tclass=\"so-widget-image\"\/>\n\t<\/div>\n\n<\/div><\/div><\/div><\/div><\/div><\/div><\/div>","protected":false},"excerpt":{"rendered":"<p>ORNet Pathology provides a detailed view of all study media files including images, videos, and<\/p>","protected":false},"author":1,"featured_media":0,"parent":763,"menu_order":0,"comment_status":"closed","ping_status":"closed","template":"","meta":{"_eb_attr":"","om_disable_all_campaigns":false,"_uf_show_specific_survey":0,"_uf_disable_surveys":false,"two_page_speed":[],"footnotes":""},"class_list":["post-1369","page","type-page","status-publish","hentry"],"yoast_head":"<!-- This site is optimized with the Yoast SEO plugin v27.5 - https:\/\/yoast.com\/product\/yoast-seo-wordpress\/ -->\n<title>Image processing and management &#8211; ORNet<\/title>\n<meta name=\"robots\" content=\"index, follow, max-snippet:-1, max-image-preview:large, max-video-preview:-1\" \/>\n<link rel=\"canonical\" href=\"https:\/\/ornet.eu\/ornet-pathology\/image-processing-and-management\/\" \/>\n<meta property=\"og:locale\" content=\"da_DK\" \/>\n<meta property=\"og:type\" content=\"article\" \/>\n<meta property=\"og:title\" content=\"Image processing and management &#8211; ORNet\" \/>\n<meta property=\"og:description\" content=\"ORNet Pathology provides a detailed view of all study media files including images, videos, and\" \/>\n<meta property=\"og:url\" content=\"https:\/\/ornet.eu\/ornet-pathology\/image-processing-and-management\/\" \/>\n<meta property=\"og:site_name\" content=\"ORNet\" \/>\n<meta property=\"article:publisher\" content=\"https:\/\/www.facebook.com\/baitpartner\" \/>\n<meta property=\"article:modified_time\" content=\"2023-02-21T10:32:46+00:00\" \/>\n<meta name=\"twitter:card\" content=\"summary_large_image\" \/>\n<meta name=\"twitter:site\" content=\"@BaitPartner\" \/>\n<meta name=\"twitter:label1\" content=\"Estimeret l\u00e6setid\" \/>\n\t<meta name=\"twitter:data1\" content=\"2 minutter\" \/>\n<script type=\"application\/ld+json\" class=\"yoast-schema-graph\">{\"@context\":\"https:\\\/\\\/schema.org\",\"@graph\":[{\"@type\":\"WebPage\",\"@id\":\"https:\\\/\\\/ornet.eu\\\/ornet-pathology\\\/image-processing-and-management\\\/\",\"url\":\"https:\\\/\\\/ornet.eu\\\/ornet-pathology\\\/image-processing-and-management\\\/\",\"name\":\"Image processing and management &#8211; ORNet\",\"isPartOf\":{\"@id\":\"https:\\\/\\\/www.ornet.eu\\\/fi\\\/#website\"},\"datePublished\":\"2017-04-25T12:36:58+00:00\",\"dateModified\":\"2023-02-21T10:32:46+00:00\",\"breadcrumb\":{\"@id\":\"https:\\\/\\\/ornet.eu\\\/ornet-pathology\\\/image-processing-and-management\\\/#breadcrumb\"},\"inLanguage\":\"da-DK\",\"potentialAction\":[{\"@type\":\"ReadAction\",\"target\":[\"https:\\\/\\\/ornet.eu\\\/ornet-pathology\\\/image-processing-and-management\\\/\"]}]},{\"@type\":\"BreadcrumbList\",\"@id\":\"https:\\\/\\\/ornet.eu\\\/ornet-pathology\\\/image-processing-and-management\\\/#breadcrumb\",\"itemListElement\":[{\"@type\":\"ListItem\",\"position\":1,\"name\":\"Home\",\"item\":\"https:\\\/\\\/www.ornet.eu\\\/fi\\\/\"},{\"@type\":\"ListItem\",\"position\":2,\"name\":\"ORNet Pathology\",\"item\":\"https:\\\/\\\/ornet.eu\\\/fi\\\/?page_id=763\"},{\"@type\":\"ListItem\",\"position\":3,\"name\":\"Image processing and management\"}]},{\"@type\":\"WebSite\",\"@id\":\"https:\\\/\\\/www.ornet.eu\\\/fi\\\/#website\",\"url\":\"https:\\\/\\\/www.ornet.eu\\\/fi\\\/\",\"name\":\"ORNet\",\"description\":\"Medical Imaging &amp; Device Management Solutions\",\"publisher\":{\"@id\":\"https:\\\/\\\/www.ornet.eu\\\/fi\\\/#organization\"},\"potentialAction\":[{\"@type\":\"SearchAction\",\"target\":{\"@type\":\"EntryPoint\",\"urlTemplate\":\"https:\\\/\\\/www.ornet.eu\\\/fi\\\/?s={search_term_string}\"},\"query-input\":{\"@type\":\"PropertyValueSpecification\",\"valueRequired\":true,\"valueName\":\"search_term_string\"}}],\"inLanguage\":\"da-DK\"},{\"@type\":\"Organization\",\"@id\":\"https:\\\/\\\/www.ornet.eu\\\/fi\\\/#organization\",\"name\":\"Bait Partner O\u00dc\",\"url\":\"https:\\\/\\\/www.ornet.eu\\\/fi\\\/\",\"logo\":{\"@type\":\"ImageObject\",\"inLanguage\":\"da-DK\",\"@id\":\"https:\\\/\\\/www.ornet.eu\\\/fi\\\/#\\\/schema\\\/logo\\\/image\\\/\",\"url\":\"https:\\\/\\\/ornet.eu\\\/wp-content\\\/uploads\\\/2022\\\/03\\\/BAIT-PARTNER-logo-in-square-format.jpg\",\"contentUrl\":\"https:\\\/\\\/ornet.eu\\\/wp-content\\\/uploads\\\/2022\\\/03\\\/BAIT-PARTNER-logo-in-square-format.jpg\",\"width\":520,\"height\":520,\"caption\":\"Bait Partner O\u00dc\"},\"image\":{\"@id\":\"https:\\\/\\\/www.ornet.eu\\\/fi\\\/#\\\/schema\\\/logo\\\/image\\\/\"},\"sameAs\":[\"https:\\\/\\\/www.facebook.com\\\/baitpartner\",\"https:\\\/\\\/x.com\\\/BaitPartner\",\"https:\\\/\\\/www.instagram.com\\\/baitpartner\\\/\",\"https:\\\/\\\/www.linkedin.com\\\/company\\\/bait-partner-o-\\\/\"]}]}<\/script>\n<!-- \/ Yoast SEO plugin. -->","yoast_head_json":{"title":"Image processing and management &#8211; ORNet","robots":{"index":"index","follow":"follow","max-snippet":"max-snippet:-1","max-image-preview":"max-image-preview:large","max-video-preview":"max-video-preview:-1"},"canonical":"https:\/\/ornet.eu\/ornet-pathology\/image-processing-and-management\/","og_locale":"da_DK","og_type":"article","og_title":"Image processing and management &#8211; ORNet","og_description":"ORNet Pathology provides a detailed view of all study media files including images, videos, and","og_url":"https:\/\/ornet.eu\/ornet-pathology\/image-processing-and-management\/","og_site_name":"ORNet","article_publisher":"https:\/\/www.facebook.com\/baitpartner","article_modified_time":"2023-02-21T10:32:46+00:00","twitter_card":"summary_large_image","twitter_site":"@BaitPartner","twitter_misc":{"Estimeret l\u00e6setid":"2 minutter"},"schema":{"@context":"https:\/\/schema.org","@graph":[{"@type":"WebPage","@id":"https:\/\/ornet.eu\/ornet-pathology\/image-processing-and-management\/","url":"https:\/\/ornet.eu\/ornet-pathology\/image-processing-and-management\/","name":"Image processing and management &#8211; ORNet","isPartOf":{"@id":"https:\/\/www.ornet.eu\/fi\/#website"},"datePublished":"2017-04-25T12:36:58+00:00","dateModified":"2023-02-21T10:32:46+00:00","breadcrumb":{"@id":"https:\/\/ornet.eu\/ornet-pathology\/image-processing-and-management\/#breadcrumb"},"inLanguage":"da-DK","potentialAction":[{"@type":"ReadAction","target":["https:\/\/ornet.eu\/ornet-pathology\/image-processing-and-management\/"]}]},{"@type":"BreadcrumbList","@id":"https:\/\/ornet.eu\/ornet-pathology\/image-processing-and-management\/#breadcrumb","itemListElement":[{"@type":"ListItem","position":1,"name":"Home","item":"https:\/\/www.ornet.eu\/fi\/"},{"@type":"ListItem","position":2,"name":"ORNet Pathology","item":"https:\/\/ornet.eu\/fi\/?page_id=763"},{"@type":"ListItem","position":3,"name":"Image processing and management"}]},{"@type":"WebSite","@id":"https:\/\/www.ornet.eu\/fi\/#website","url":"https:\/\/www.ornet.eu\/fi\/","name":"ORNet","description":"Medical Imaging &amp; Device Management Solutions","publisher":{"@id":"https:\/\/www.ornet.eu\/fi\/#organization"},"potentialAction":[{"@type":"SearchAction","target":{"@type":"EntryPoint","urlTemplate":"https:\/\/www.ornet.eu\/fi\/?s={search_term_string}"},"query-input":{"@type":"PropertyValueSpecification","valueRequired":true,"valueName":"search_term_string"}}],"inLanguage":"da-DK"},{"@type":"Organization","@id":"https:\/\/www.ornet.eu\/fi\/#organization","name":"Bait Partner O\u00dc","url":"https:\/\/www.ornet.eu\/fi\/","logo":{"@type":"ImageObject","inLanguage":"da-DK","@id":"https:\/\/www.ornet.eu\/fi\/#\/schema\/logo\/image\/","url":"https:\/\/ornet.eu\/wp-content\/uploads\/2022\/03\/BAIT-PARTNER-logo-in-square-format.jpg","contentUrl":"https:\/\/ornet.eu\/wp-content\/uploads\/2022\/03\/BAIT-PARTNER-logo-in-square-format.jpg","width":520,"height":520,"caption":"Bait Partner O\u00dc"},"image":{"@id":"https:\/\/www.ornet.eu\/fi\/#\/schema\/logo\/image\/"},"sameAs":["https:\/\/www.facebook.com\/baitpartner","https:\/\/x.com\/BaitPartner","https:\/\/www.instagram.com\/baitpartner\/","https:\/\/www.linkedin.com\/company\/bait-partner-o-\/"]}]}},"post_mailing_queue_ids":[],"_links":{"self":[{"href":"https:\/\/www.ornet.eu\/da\/wp-json\/wp\/v2\/pages\/1369","targetHints":{"allow":["GET"]}}],"collection":[{"href":"https:\/\/www.ornet.eu\/da\/wp-json\/wp\/v2\/pages"}],"about":[{"href":"https:\/\/www.ornet.eu\/da\/wp-json\/wp\/v2\/types\/page"}],"author":[{"embeddable":true,"href":"https:\/\/www.ornet.eu\/da\/wp-json\/wp\/v2\/users\/1"}],"replies":[{"embeddable":true,"href":"https:\/\/www.ornet.eu\/da\/wp-json\/wp\/v2\/comments?post=1369"}],"version-history":[{"count":5,"href":"https:\/\/www.ornet.eu\/da\/wp-json\/wp\/v2\/pages\/1369\/revisions"}],"predecessor-version":[{"id":5117,"href":"https:\/\/www.ornet.eu\/da\/wp-json\/wp\/v2\/pages\/1369\/revisions\/5117"}],"up":[{"embeddable":true,"href":"https:\/\/www.ornet.eu\/da\/wp-json\/wp\/v2\/pages\/763"}],"wp:attachment":[{"href":"https:\/\/www.ornet.eu\/da\/wp-json\/wp\/v2\/media?parent=1369"}],"curies":[{"name":"wp","href":"https:\/\/api.w.org\/{rel}","templated":true}]}}