{"id":1362,"date":"2017-04-25T15:32:00","date_gmt":"2017-04-25T12:32:00","guid":{"rendered":"http:\/\/ornet.eu\/?page_id=1362"},"modified":"2023-01-31T11:49:59","modified_gmt":"2023-01-31T09:49:59","slug":"pathology-monitors-management","status":"publish","type":"page","link":"https:\/\/www.ornet.eu\/da\/ornet-pathology\/pathology-monitors-management\/","title":{"rendered":"Pathology monitors management"},"content":{"rendered":"<div id=\"pl-1362\"  class=\"panel-layout\" ><div id=\"pg-1362-0\"  class=\"panel-grid panel-has-style\" ><div style=\"padding: 0px 0; \" data-overlay=\"true\" data-overlay-color=\"#000000\" class=\"panel-row-style panel-row-style-for-1362-0\" ><div id=\"pgc-1362-0-0\"  class=\"panel-grid-cell\" ><div id=\"panel-1362-0-0-0\" class=\"so-panel widget widget_text panel-first-child panel-last-child\" data-index=\"0\" ><div style=\"text-align: left;\" data-title-color=\"#443f3f\" data-headings-color=\"#443f3f\" class=\"panel-widget-style panel-widget-style-for-1362-0-0-0\" ><h3 class=\"widget-title\">OVERV\u00c5GNING ADMINISTRATION<\/h3>\t\t\t<div class=\"textwidget\"><p>Normalt er makropatologi arbejdsstation oprettet med medicinsk IP65 panel PC og separat sk\u00e6rm til assistent. Denne ops\u00e6tning g\u00f8r det muligt at maksimere hastigheden ved h\u00e5ndtering af pr\u00f8verne og markering af dem.<\/p>\n<\/div>\n\t\t<\/div><\/div><\/div><div id=\"pgc-1362-0-1\"  class=\"panel-grid-cell\" ><div id=\"panel-1362-0-1-0\" class=\"so-panel widget widget_sow-image panel-first-child panel-last-child\" data-index=\"1\" ><div style=\"text-align: left;\" data-title-color=\"#443f3f\" data-headings-color=\"#443f3f\" class=\"panel-widget-style panel-widget-style-for-1362-0-1-0\" ><div\n\t\t\t\n\t\t\tclass=\"so-widget-sow-image so-widget-sow-image-default-c4f6304fc136-1362\"\n\t\t\t\n\t\t>\n<div class=\"sow-image-container\">\n\t\t<img \n\tsrc=\"https:\/\/www.ornet.eu\/wp-content\/uploads\/2017\/03\/monitor-150x150.png\" width=\"150\" height=\"150\" srcset=\"https:\/\/www.ornet.eu\/wp-content\/uploads\/2017\/03\/monitor-150x150.png 150w, https:\/\/www.ornet.eu\/wp-content\/uploads\/2017\/03\/monitor-45x45.png 45w, https:\/\/www.ornet.eu\/wp-content\/uploads\/2017\/03\/elementor\/thumbs\/monitor-q2wewm7mq6cofocjkcnyirj61h4nfq4ssc8vwc62h0.png 90w, https:\/\/www.ornet.eu\/wp-content\/uploads\/2017\/03\/monitor.png 159w\" sizes=\"(max-width: 150px) 100vw, 150px\" title=\"Overv\u00e5gning administration\" alt=\"\" \t\tclass=\"so-widget-image\"\/>\n\t<\/div>\n\n<\/div><\/div><\/div><\/div><\/div><\/div><\/div>","protected":false},"excerpt":{"rendered":"<p>Usually a Macro pathology workstation is set up with a medical IP65 panel PC and<\/p>","protected":false},"author":1,"featured_media":0,"parent":763,"menu_order":0,"comment_status":"closed","ping_status":"closed","template":"","meta":{"_eb_attr":"","om_disable_all_campaigns":false,"_uf_show_specific_survey":0,"_uf_disable_surveys":false,"two_page_speed":[],"footnotes":""},"class_list":["post-1362","page","type-page","status-publish","hentry"],"yoast_head":"<!-- This site is optimized with the Yoast SEO plugin v27.5 - https:\/\/yoast.com\/product\/yoast-seo-wordpress\/ -->\n<title>Pathology monitors management &#8211; ORNet<\/title>\n<meta name=\"robots\" content=\"index, follow, max-snippet:-1, max-image-preview:large, max-video-preview:-1\" \/>\n<link rel=\"canonical\" href=\"https:\/\/ornet.eu\/sv\/ornet-pathology\/pathology-monitors-management\/\" \/>\n<meta property=\"og:locale\" content=\"da_DK\" \/>\n<meta property=\"og:type\" content=\"article\" \/>\n<meta property=\"og:title\" content=\"Pathology monitors management &#8211; ORNet\" \/>\n<meta property=\"og:description\" content=\"Usually a Macro pathology workstation is set up with a medical IP65 panel PC and\" \/>\n<meta property=\"og:url\" content=\"https:\/\/ornet.eu\/sv\/ornet-pathology\/pathology-monitors-management\/\" \/>\n<meta property=\"og:site_name\" content=\"ORNet\" \/>\n<meta property=\"article:publisher\" content=\"https:\/\/www.facebook.com\/baitpartner\" \/>\n<meta property=\"article:modified_time\" content=\"2023-01-31T09:49:59+00:00\" \/>\n<meta name=\"twitter:card\" content=\"summary_large_image\" \/>\n<meta name=\"twitter:site\" content=\"@BaitPartner\" \/>\n<meta name=\"twitter:label1\" content=\"Estimeret l\u00e6setid\" \/>\n\t<meta name=\"twitter:data1\" content=\"1 minut\" \/>\n<script type=\"application\/ld+json\" class=\"yoast-schema-graph\">{\"@context\":\"https:\\\/\\\/schema.org\",\"@graph\":[{\"@type\":\"WebPage\",\"@id\":\"https:\\\/\\\/ornet.eu\\\/sv\\\/ornet-pathology\\\/pathology-monitors-management\\\/\",\"url\":\"https:\\\/\\\/ornet.eu\\\/sv\\\/ornet-pathology\\\/pathology-monitors-management\\\/\",\"name\":\"Pathology monitors management &#8211; ORNet\",\"isPartOf\":{\"@id\":\"https:\\\/\\\/www.ornet.eu\\\/fi\\\/#website\"},\"datePublished\":\"2017-04-25T12:32:00+00:00\",\"dateModified\":\"2023-01-31T09:49:59+00:00\",\"breadcrumb\":{\"@id\":\"https:\\\/\\\/ornet.eu\\\/sv\\\/ornet-pathology\\\/pathology-monitors-management\\\/#breadcrumb\"},\"inLanguage\":\"da-DK\",\"potentialAction\":[{\"@type\":\"ReadAction\",\"target\":[\"https:\\\/\\\/ornet.eu\\\/sv\\\/ornet-pathology\\\/pathology-monitors-management\\\/\"]}]},{\"@type\":\"BreadcrumbList\",\"@id\":\"https:\\\/\\\/ornet.eu\\\/sv\\\/ornet-pathology\\\/pathology-monitors-management\\\/#breadcrumb\",\"itemListElement\":[{\"@type\":\"ListItem\",\"position\":1,\"name\":\"Home\",\"item\":\"https:\\\/\\\/www.ornet.eu\\\/fi\\\/\"},{\"@type\":\"ListItem\",\"position\":2,\"name\":\"ORNet Pathology\",\"item\":\"https:\\\/\\\/ornet.eu\\\/fi\\\/?page_id=763\"},{\"@type\":\"ListItem\",\"position\":3,\"name\":\"Pathology monitors management\"}]},{\"@type\":\"WebSite\",\"@id\":\"https:\\\/\\\/www.ornet.eu\\\/fi\\\/#website\",\"url\":\"https:\\\/\\\/www.ornet.eu\\\/fi\\\/\",\"name\":\"ORNet\",\"description\":\"Medical Imaging &amp; Device Management Solutions\",\"publisher\":{\"@id\":\"https:\\\/\\\/www.ornet.eu\\\/fi\\\/#organization\"},\"potentialAction\":[{\"@type\":\"SearchAction\",\"target\":{\"@type\":\"EntryPoint\",\"urlTemplate\":\"https:\\\/\\\/www.ornet.eu\\\/fi\\\/?s={search_term_string}\"},\"query-input\":{\"@type\":\"PropertyValueSpecification\",\"valueRequired\":true,\"valueName\":\"search_term_string\"}}],\"inLanguage\":\"da-DK\"},{\"@type\":\"Organization\",\"@id\":\"https:\\\/\\\/www.ornet.eu\\\/fi\\\/#organization\",\"name\":\"Bait Partner O\u00dc\",\"url\":\"https:\\\/\\\/www.ornet.eu\\\/fi\\\/\",\"logo\":{\"@type\":\"ImageObject\",\"inLanguage\":\"da-DK\",\"@id\":\"https:\\\/\\\/www.ornet.eu\\\/fi\\\/#\\\/schema\\\/logo\\\/image\\\/\",\"url\":\"https:\\\/\\\/ornet.eu\\\/wp-content\\\/uploads\\\/2022\\\/03\\\/BAIT-PARTNER-logo-in-square-format.jpg\",\"contentUrl\":\"https:\\\/\\\/ornet.eu\\\/wp-content\\\/uploads\\\/2022\\\/03\\\/BAIT-PARTNER-logo-in-square-format.jpg\",\"width\":520,\"height\":520,\"caption\":\"Bait Partner O\u00dc\"},\"image\":{\"@id\":\"https:\\\/\\\/www.ornet.eu\\\/fi\\\/#\\\/schema\\\/logo\\\/image\\\/\"},\"sameAs\":[\"https:\\\/\\\/www.facebook.com\\\/baitpartner\",\"https:\\\/\\\/x.com\\\/BaitPartner\",\"https:\\\/\\\/www.instagram.com\\\/baitpartner\\\/\",\"https:\\\/\\\/www.linkedin.com\\\/company\\\/bait-partner-o-\\\/\"]}]}<\/script>\n<!-- \/ Yoast SEO plugin. -->","yoast_head_json":{"title":"Pathology monitors management &#8211; ORNet","robots":{"index":"index","follow":"follow","max-snippet":"max-snippet:-1","max-image-preview":"max-image-preview:large","max-video-preview":"max-video-preview:-1"},"canonical":"https:\/\/ornet.eu\/sv\/ornet-pathology\/pathology-monitors-management\/","og_locale":"da_DK","og_type":"article","og_title":"Pathology monitors management &#8211; ORNet","og_description":"Usually a Macro pathology workstation is set up with a medical IP65 panel PC and","og_url":"https:\/\/ornet.eu\/sv\/ornet-pathology\/pathology-monitors-management\/","og_site_name":"ORNet","article_publisher":"https:\/\/www.facebook.com\/baitpartner","article_modified_time":"2023-01-31T09:49:59+00:00","twitter_card":"summary_large_image","twitter_site":"@BaitPartner","twitter_misc":{"Estimeret l\u00e6setid":"1 minut"},"schema":{"@context":"https:\/\/schema.org","@graph":[{"@type":"WebPage","@id":"https:\/\/ornet.eu\/sv\/ornet-pathology\/pathology-monitors-management\/","url":"https:\/\/ornet.eu\/sv\/ornet-pathology\/pathology-monitors-management\/","name":"Pathology monitors management &#8211; ORNet","isPartOf":{"@id":"https:\/\/www.ornet.eu\/fi\/#website"},"datePublished":"2017-04-25T12:32:00+00:00","dateModified":"2023-01-31T09:49:59+00:00","breadcrumb":{"@id":"https:\/\/ornet.eu\/sv\/ornet-pathology\/pathology-monitors-management\/#breadcrumb"},"inLanguage":"da-DK","potentialAction":[{"@type":"ReadAction","target":["https:\/\/ornet.eu\/sv\/ornet-pathology\/pathology-monitors-management\/"]}]},{"@type":"BreadcrumbList","@id":"https:\/\/ornet.eu\/sv\/ornet-pathology\/pathology-monitors-management\/#breadcrumb","itemListElement":[{"@type":"ListItem","position":1,"name":"Home","item":"https:\/\/www.ornet.eu\/fi\/"},{"@type":"ListItem","position":2,"name":"ORNet Pathology","item":"https:\/\/ornet.eu\/fi\/?page_id=763"},{"@type":"ListItem","position":3,"name":"Pathology monitors management"}]},{"@type":"WebSite","@id":"https:\/\/www.ornet.eu\/fi\/#website","url":"https:\/\/www.ornet.eu\/fi\/","name":"ORNet","description":"Medical Imaging &amp; Device Management Solutions","publisher":{"@id":"https:\/\/www.ornet.eu\/fi\/#organization"},"potentialAction":[{"@type":"SearchAction","target":{"@type":"EntryPoint","urlTemplate":"https:\/\/www.ornet.eu\/fi\/?s={search_term_string}"},"query-input":{"@type":"PropertyValueSpecification","valueRequired":true,"valueName":"search_term_string"}}],"inLanguage":"da-DK"},{"@type":"Organization","@id":"https:\/\/www.ornet.eu\/fi\/#organization","name":"Bait Partner O\u00dc","url":"https:\/\/www.ornet.eu\/fi\/","logo":{"@type":"ImageObject","inLanguage":"da-DK","@id":"https:\/\/www.ornet.eu\/fi\/#\/schema\/logo\/image\/","url":"https:\/\/ornet.eu\/wp-content\/uploads\/2022\/03\/BAIT-PARTNER-logo-in-square-format.jpg","contentUrl":"https:\/\/ornet.eu\/wp-content\/uploads\/2022\/03\/BAIT-PARTNER-logo-in-square-format.jpg","width":520,"height":520,"caption":"Bait Partner O\u00dc"},"image":{"@id":"https:\/\/www.ornet.eu\/fi\/#\/schema\/logo\/image\/"},"sameAs":["https:\/\/www.facebook.com\/baitpartner","https:\/\/x.com\/BaitPartner","https:\/\/www.instagram.com\/baitpartner\/","https:\/\/www.linkedin.com\/company\/bait-partner-o-\/"]}]}},"post_mailing_queue_ids":[],"_links":{"self":[{"href":"https:\/\/www.ornet.eu\/da\/wp-json\/wp\/v2\/pages\/1362","targetHints":{"allow":["GET"]}}],"collection":[{"href":"https:\/\/www.ornet.eu\/da\/wp-json\/wp\/v2\/pages"}],"about":[{"href":"https:\/\/www.ornet.eu\/da\/wp-json\/wp\/v2\/types\/page"}],"author":[{"embeddable":true,"href":"https:\/\/www.ornet.eu\/da\/wp-json\/wp\/v2\/users\/1"}],"replies":[{"embeddable":true,"href":"https:\/\/www.ornet.eu\/da\/wp-json\/wp\/v2\/comments?post=1362"}],"version-history":[{"count":5,"href":"https:\/\/www.ornet.eu\/da\/wp-json\/wp\/v2\/pages\/1362\/revisions"}],"predecessor-version":[{"id":5046,"href":"https:\/\/www.ornet.eu\/da\/wp-json\/wp\/v2\/pages\/1362\/revisions\/5046"}],"up":[{"embeddable":true,"href":"https:\/\/www.ornet.eu\/da\/wp-json\/wp\/v2\/pages\/763"}],"wp:attachment":[{"href":"https:\/\/www.ornet.eu\/da\/wp-json\/wp\/v2\/media?parent=1362"}],"curies":[{"name":"wp","href":"https:\/\/api.w.org\/{rel}","templated":true}]}}